{"id":26070,"date":"2025-01-21T13:27:09","date_gmt":"2025-01-21T12:27:09","guid":{"rendered":"https:\/\/kevinswiss.com\/uebersetzung\/"},"modified":"2025-01-21T13:35:12","modified_gmt":"2025-01-21T12:35:12","slug":"uebersetzung","status":"publish","type":"page","link":"https:\/\/kevinswiss.com\/de\/uebersetzung\/","title":{"rendered":"\u00dcbersetzung"},"content":{"rendered":"\t\t<div data-elementor-type=\"wp-page\" data-elementor-id=\"26070\" class=\"elementor elementor-26070 elementor-26063\" data-elementor-post-type=\"page\">\n\t\t\t\t<div class=\"elementor-element elementor-element-4b12f5e9 e-flex e-con-boxed e-con e-parent\" data-id=\"4b12f5e9\" data-element_type=\"container\" data-e-type=\"container\">\n\t\t\t\t\t<div class=\"e-con-inner\">\n\t\t\t\t<div class=\"elementor-element elementor-element-5fc34ef3 elementor-widget elementor-widget-text-editor\" data-id=\"5fc34ef3\" data-element_type=\"widget\" data-e-type=\"widget\" data-widget_type=\"text-editor.default\">\n\t\t\t\t<div class=\"elementor-widget-container\">\n\t\t\t\t\t\t\t\t\t<p>Spezifikation<\/p>\n<p>Zum Wunschzettel hinzuf\u00fcgen<\/p>\n<p>Zum Vergleich hinzuf\u00fcgen<\/p>\n<p>Ihr Zuhause wird nie allein sein. Sonderangebote und kostenlose Lieferung jetzt.<\/p>\n<p>Wunschzettel<\/p>\n<p>H\u00c4LT SIE IN SICHERHEIT.<\/p>\n<p>im Warenkorb<\/p>\n<p>Suche nach Produkten<\/p>\n<p>Mein Konto<\/p>\n<p>Marken<\/p>\n<p>Kostenloser Versand f\u00fcr alle Bestellungen<\/p>\n<p>Sonderangebote und kostenlose Lieferung jetzt.<\/p>\n<p>Kompetenter Kundenservice<\/p>\n<p>\u00a9 Copyright Mitipi AG. Alle Rechte vorbehalten <\/p>\n<p>Datenschutzbestimmungen<\/p>\n<p>Bedingungen f\u00fcr die Nutzung<\/p>\n<p>W\u00e4hlen Sie Ihr Land:<\/p>\n<p>Abonnieren Sie die Sicherheit:<\/p>\n<p>Vorname<\/p>\n<p>Land ausw\u00e4hlen<\/p>\n<p>Ihre E-Mail Adresse<\/p>\n<p>Die weltweit effektivste Einbruchspr\u00e4vention, die die Anwesenheit von Menschen simuliert. KEVIN\u00ae reduziert nachweislich die Wahrscheinlichkeit von Einbr\u00fcchen um mehr als 97%. <\/p>\n<p>Shop<\/p>\n<p>Informationen<\/p>\n<p>Mein Konto<\/p>\n<p>Wagen<\/p>\n<p>Mein Konto<\/p>\n<p>Meine Auftr\u00e4ge<\/p>\n<p>Wunschzettel<\/p>\n<p>Bestellung verfolgen<\/p>\n<p>Hilfe<\/p>\n<p>Datenschutzbestimmungen<\/p>\n<p>Bedingungen f\u00fcr die Nutzung<\/p>\n<p>Kontaktieren Sie uns<\/p>\n<p>Uncategorized<\/p>\n<p>ANWESENHEIT MIT BEWEGTEN SCHATTEN SIMULIEREN<\/p>\n<p>ANWESENHEIT MIT PERSONALISIERTEN STIMMEN SIMULIEREN<\/p>\n<p>STEUERUNG VON \u00dcBERALL \u00dcBER DIE APP<\/p>\n<p>EINBRECHER SEHEN<\/p>\n<p>BLUETOOTH LAUTSPRECHER<\/p>\n<p>Besitzen Sie Ihr Ger\u00e4t und Ihre App<\/p>\n<p>Kostenlose Updates<\/p>\n<p>3 Jahre Garantie<\/p>\n<p>Eine einzige Zahlung<\/p>\n<p>KEVIN\u00ae JETZT holen<\/p>\n<p>KEVIN\u00ae.apartment<\/p>\n<p>1 kostenloses Ger\u00e4t &amp; App<\/p>\n<p>Inklusive AI-Lautsprecher &amp; Lampe<\/p>\n<p>Lebenslange Garantie<\/p>\n<p>Am besten f\u00fcr Wohnungen<\/p>\n<p>Hier abonnieren<\/p>\n<p>KEVIN\u00ae.house<\/p>\n<p>2 kostenlose Ger\u00e4te &amp; App<\/p>\n<p>Inklusive AI-Lautsprecher &amp; Lampe<\/p>\n<p>Lebenslange Garantie<\/p>\n<p>Am besten f\u00fcr zweist\u00f6ckige H\u00e4user<\/p>\n<p>Hier abonnieren<\/p>\n<p>KEVIN\u00ae.business<\/p>\n<p>3 kostenloses Ger\u00e4t &amp; App<\/p>\n<p>Inklusive AI-Lautsprecher &amp; Lampe<\/p>\n<p>Lebenslange Garantie<\/p>\n<p>Am besten f\u00fcr B\u00fcros, Gesch\u00e4fte, mehrst\u00f6ckige H\u00e4user<\/p>\n<p>Hier abonnieren<\/p>\n<p>Bewertungen<\/p>\n<p>Schreiben Sie eine Bewertung<\/p>\n<p>Marken<\/p>\n<p>Verf\u00fcgbarkeit<\/p>\n<p>Monat<\/p>\n<p>Abonnieren<\/p>\n<p>Shop<\/p>\n<p>Nur Produkte im Verkauf anzeigen<\/p>\n<p>Sortieren nach<\/p>\n<p>anzeigen<\/p>\n<p>Filter anzeigen<\/p>\n<p>Filter ausblenden<\/p>\n<p>Kategorien<\/p>\n<p>Preis<\/p>\n<p>Alle<\/p>\n<p>Wohnung<\/p>\n<p>Haus<\/p>\n<p>Business<\/p>\n<p>Seelenfrieden<\/p>\n<p>Zubeh\u00f6r<\/p>\n\t\t\t\t\t\t\t\t<\/div>\n\t\t\t\t<\/div>\n\t\t\t\t\t<\/div>\n\t\t\t\t<\/div>\n\t\t\t\t<\/div>\n\t\t","protected":false},"excerpt":{"rendered":"<p>Spezifikation Zum Wunschzettel hinzuf\u00fcgen Zum Vergleich hinzuf\u00fcgen Ihr Zuhause wird nie allein sein. Sonderangebote und kostenlose Lieferung jetzt. Wunschzettel H\u00c4LT SIE IN SICHERHEIT. im Warenkorb Suche nach Produkten Mein Konto Marken Kostenloser Versand f\u00fcr alle Bestellungen Sonderangebote und kostenlose Lieferung jetzt. Kompetenter Kundenservice \u00a9 Copyright Mitipi AG. Alle Rechte vorbehalten Datenschutzbestimmungen Bedingungen f\u00fcr die Nutzung [&hellip;]<\/p>\n","protected":false},"author":2,"featured_media":0,"parent":0,"menu_order":0,"comment_status":"closed","ping_status":"closed","template":"","meta":{"footnotes":""},"class_list":["post-26070","page","type-page","status-publish","hentry"],"_links":{"self":[{"href":"https:\/\/kevinswiss.com\/de\/wp-json\/wp\/v2\/pages\/26070","targetHints":{"allow":["GET"]}}],"collection":[{"href":"https:\/\/kevinswiss.com\/de\/wp-json\/wp\/v2\/pages"}],"about":[{"href":"https:\/\/kevinswiss.com\/de\/wp-json\/wp\/v2\/types\/page"}],"author":[{"embeddable":true,"href":"https:\/\/kevinswiss.com\/de\/wp-json\/wp\/v2\/users\/2"}],"replies":[{"embeddable":true,"href":"https:\/\/kevinswiss.com\/de\/wp-json\/wp\/v2\/comments?post=26070"}],"version-history":[{"count":3,"href":"https:\/\/kevinswiss.com\/de\/wp-json\/wp\/v2\/pages\/26070\/revisions"}],"predecessor-version":[{"id":26082,"href":"https:\/\/kevinswiss.com\/de\/wp-json\/wp\/v2\/pages\/26070\/revisions\/26082"}],"wp:attachment":[{"href":"https:\/\/kevinswiss.com\/de\/wp-json\/wp\/v2\/media?parent=26070"}],"curies":[{"name":"wp","href":"https:\/\/api.w.org\/{rel}","templated":true}]}}