{"id":28215,"date":"2025-12-22T16:01:50","date_gmt":"2025-12-22T15:01:50","guid":{"rendered":"https:\/\/kevinswiss.com\/?page_id=28215"},"modified":"2025-12-23T12:17:50","modified_gmt":"2025-12-23T11:17:50","slug":"kevin-besitzen","status":"publish","type":"page","link":"https:\/\/kevinswiss.com\/de\/kevin-besitzen\/","title":{"rendered":"KEVIN\u00ae besitzen"},"content":{"rendered":"\t\t<div data-elementor-type=\"wp-page\" data-elementor-id=\"28215\" class=\"elementor elementor-28215 elementor-28214\" data-elementor-post-type=\"page\">\n\t\t\t\t<div class=\"elementor-element elementor-element-a9be0e4 e-con-full e-flex e-con e-parent\" data-id=\"a9be0e4\" data-element_type=\"container\" data-e-type=\"container\" data-settings=\"{&quot;background_background&quot;:&quot;classic&quot;}\">\n\t\t<div class=\"elementor-element elementor-element-c5953c4 e-grid e-con-full e-con e-child\" data-id=\"c5953c4\" data-element_type=\"container\" data-e-type=\"container\">\n\t\t\t\t<div class=\"elementor-element elementor-element-c355d75 elementor-widget elementor-widget-text-editor\" data-id=\"c355d75\" data-element_type=\"widget\" data-e-type=\"widget\" data-widget_type=\"text-editor.default\">\n\t\t\t\t<div class=\"elementor-widget-container\">\n\t\t\t\t\t\t\t\t\t<h1>BESITZEN<\/h1><h2>Kaufen Sie KEVIN\u00ae &amp; f\u00fchlen Sie sich sicher. F\u00fcr immer.<\/h2><h3>Kaufen Sie einmal und profitieren Sie von regelm\u00e4ssigen Gratis-Updates, mit 3 Jahren Garantie und lebenslanger Mitgliedschaft.<\/h3><h3> <\/h3>\t\t\t\t\t\t\t\t<\/div>\n\t\t\t\t<\/div>\n\t\t\t\t<div class=\"elementor-element elementor-element-8ddbd34 elementor-widget elementor-widget-image\" data-id=\"8ddbd34\" data-element_type=\"widget\" data-e-type=\"widget\" data-widget_type=\"image.default\">\n\t\t\t\t<div class=\"elementor-widget-container\">\n\t\t\t\t\t\t\t\t\t\t\t\t\t\t\t<img fetchpriority=\"high\" decoding=\"async\" width=\"615\" height=\"320\" src=\"https:\/\/kevinswiss.com\/wp-content\/uploads\/2025\/06\/kevin-devices.webp\" class=\"attachment-large size-large wp-image-28076\" alt=\"\" srcset=\"https:\/\/kevinswiss.com\/wp-content\/uploads\/2025\/06\/kevin-devices.webp 615w, https:\/\/kevinswiss.com\/wp-content\/uploads\/2025\/06\/kevin-devices-300x156.webp 300w, https:\/\/kevinswiss.com\/wp-content\/uploads\/2025\/06\/kevin-devices-340x177.webp 340w, https:\/\/kevinswiss.com\/wp-content\/uploads\/2025\/06\/kevin-devices-600x312.webp 600w\" sizes=\"(max-width: 615px) 100vw, 615px\" \/>\t\t\t\t\t\t\t\t\t\t\t\t\t\t\t<\/div>\n\t\t\t\t<\/div>\n\t\t\t\t<\/div>\n\t\t\t\t<\/div>\n\t\t<div class=\"elementor-element elementor-element-9e854f1 e-flex e-con-boxed e-con e-parent\" data-id=\"9e854f1\" data-element_type=\"container\" data-e-type=\"container\">\n\t\t\t\t\t<div class=\"e-con-inner\">\n\t\t<div class=\"elementor-element elementor-element-33126fa e-con-full e-flex e-con e-child\" data-id=\"33126fa\" data-element_type=\"container\" data-e-type=\"container\">\n\t\t\t\t<div class=\"elementor-element elementor-element-2411991 elementor-widget elementor-widget-text-editor\" data-id=\"2411991\" data-element_type=\"widget\" data-e-type=\"widget\" data-widget_type=\"text-editor.default\">\n\t\t\t\t<div class=\"elementor-widget-container\">\n\t\t\t\t\t\t\t\t\t<h2>W\u00e4hlen Sie Ihr perfektes KEVIN\u00ae-Setup.<\/h2><p>Egal, ob Sie eine Wohnung, ein Haus oder ein komplettes Gesch\u00e4ftslokal sichern wollen: Es gibt Kevin\u00ae f\u00fcr jeden Bedarf.<\/p>\t\t\t\t\t\t\t\t<\/div>\n\t\t\t\t<\/div>\n\t\t\t\t<\/div>\n\t\t<div class=\"elementor-element elementor-element-4a4fc4b e-flex e-con-boxed e-con e-child\" data-id=\"4a4fc4b\" data-element_type=\"container\" data-e-type=\"container\">\n\t\t\t\t\t<div class=\"e-con-inner\">\n\t\t\t\t<div class=\"elementor-element elementor-element-9fb2a1e elementor-widget__width-inherit e-transform carousel elementor-pagination-type-bullets elementor-pagination-position-outside elementor-widget elementor-widget-n-carousel\" data-id=\"9fb2a1e\" data-element_type=\"widget\" data-e-type=\"widget\" data-settings=\"{&quot;carousel_items&quot;:[{&quot;slide_title&quot;:&quot;Slide #1&quot;,&quot;_id&quot;:&quot;d47ba9d&quot;},{&quot;slide_title&quot;:&quot;Slide #2&quot;,&quot;_id&quot;:&quot;d5003a2&quot;},{&quot;slide_title&quot;:&quot;Slide #3&quot;,&quot;_id&quot;:&quot;80f3bf0&quot;}],&quot;slides_to_show&quot;:&quot;3&quot;,&quot;slides_to_scroll&quot;:&quot;1&quot;,&quot;image_spacing_custom&quot;:{&quot;unit&quot;:&quot;px&quot;,&quot;size&quot;:0,&quot;sizes&quot;:[]},&quot;slides_to_show_tablet&quot;:&quot;2&quot;,&quot;slides_to_show_mobile&quot;:&quot;1&quot;,&quot;autoplay&quot;:&quot;yes&quot;,&quot;autoplay_speed&quot;:5000,&quot;pause_on_hover&quot;:&quot;yes&quot;,&quot;pause_on_interaction&quot;:&quot;yes&quot;,&quot;speed&quot;:500,&quot;pagination&quot;:&quot;bullets&quot;,&quot;image_spacing_custom_tablet&quot;:{&quot;unit&quot;:&quot;px&quot;,&quot;size&quot;:&quot;&quot;,&quot;sizes&quot;:[]},&quot;image_spacing_custom_mobile&quot;:{&quot;unit&quot;:&quot;px&quot;,&quot;size&quot;:&quot;&quot;,&quot;sizes&quot;:[]},&quot;_transform_scale_effect_hover&quot;:{&quot;unit&quot;:&quot;px&quot;,&quot;size&quot;:&quot;&quot;,&quot;sizes&quot;:[]},&quot;_transform_scale_effect_hover_tablet&quot;:{&quot;unit&quot;:&quot;px&quot;,&quot;size&quot;:&quot;&quot;,&quot;sizes&quot;:[]},&quot;_transform_scale_effect_hover_mobile&quot;:{&quot;unit&quot;:&quot;px&quot;,&quot;size&quot;:&quot;&quot;,&quot;sizes&quot;:[]}}\" data-widget_type=\"nested-carousel.default\">\n\t\t\t\t<div class=\"elementor-widget-container\">\n\t\t\t\t\t\t\t<div class=\"e-n-carousel swiper\" role=\"region\" aria-roledescription=\"carousel\" aria-label=\"Carousel\" dir=\"ltr\">\n\t\t\t<div class=\"swiper-wrapper\" aria-live=\"off\">\n\t\t\t\t\t\t\t\t\t\t<div class=\"swiper-slide\" data-slide=\"1\" role=\"group\" aria-roledescription=\"slide\" aria-label=\"1 von 3\">\n\t\t\t\t\t\t\t<div class=\"elementor-element elementor-element-76cfc94 e-transform e-transform e-flex e-con-boxed e-con e-child\" data-id=\"76cfc94\" data-element_type=\"container\" data-e-type=\"container\" data-settings=\"{&quot;_transform_scale_effect&quot;:{&quot;unit&quot;:&quot;px&quot;,&quot;size&quot;:0.98,&quot;sizes&quot;:[]},&quot;_transform_scale_effect_hover&quot;:{&quot;unit&quot;:&quot;px&quot;,&quot;size&quot;:0.99,&quot;sizes&quot;:[]},&quot;_transform_scale_effect_tablet&quot;:{&quot;unit&quot;:&quot;px&quot;,&quot;size&quot;:&quot;&quot;,&quot;sizes&quot;:[]},&quot;_transform_scale_effect_mobile&quot;:{&quot;unit&quot;:&quot;px&quot;,&quot;size&quot;:&quot;&quot;,&quot;sizes&quot;:[]},&quot;_transform_scale_effect_hover_tablet&quot;:{&quot;unit&quot;:&quot;px&quot;,&quot;size&quot;:&quot;&quot;,&quot;sizes&quot;:[]},&quot;_transform_scale_effect_hover_mobile&quot;:{&quot;unit&quot;:&quot;px&quot;,&quot;size&quot;:&quot;&quot;,&quot;sizes&quot;:[]}}\">\n\t\t\t\t\t<div class=\"e-con-inner\">\n\t\t<div class=\"elementor-element elementor-element-76b4293 e-grid e-con-full e-transform e-con e-child\" data-id=\"76b4293\" data-element_type=\"container\" data-e-type=\"container\" data-settings=\"{&quot;background_background&quot;:&quot;classic&quot;,&quot;_transform_scale_effect&quot;:{&quot;unit&quot;:&quot;px&quot;,&quot;size&quot;:&quot;&quot;,&quot;sizes&quot;:[]},&quot;_transform_scale_effect_tablet&quot;:{&quot;unit&quot;:&quot;px&quot;,&quot;size&quot;:&quot;&quot;,&quot;sizes&quot;:[]},&quot;_transform_scale_effect_mobile&quot;:{&quot;unit&quot;:&quot;px&quot;,&quot;size&quot;:&quot;&quot;,&quot;sizes&quot;:[]}}\">\n\t\t\t\t<div class=\"elementor-element elementor-element-1176036 elementor-widget elementor-widget-text-editor\" data-id=\"1176036\" data-element_type=\"widget\" data-e-type=\"widget\" data-widget_type=\"text-editor.default\">\n\t\t\t\t<div class=\"elementor-widget-container\">\n\t\t\t\t\t\t\t\t\t<h2>Wohnung<\/h2>\n<h3>1 Ger\u00e4t mit Sicherheitssystem &amp; App<\/h3>\t\t\t\t\t\t\t\t<\/div>\n\t\t\t\t<\/div>\n\t\t\t\t<div class=\"elementor-element elementor-element-0747eeb elementor-align-center elementor-widget elementor-widget-button\" data-id=\"0747eeb\" data-element_type=\"widget\" data-e-type=\"widget\" data-widget_type=\"button.default\">\n\t\t\t\t<div class=\"elementor-widget-container\">\n\t\t\t\t\t\t\t\t\t<div class=\"elementor-button-wrapper\">\n\t\t\t\t\t<a class=\"elementor-button elementor-button-link elementor-size-sm\" href=\"https:\/\/kevinswiss.com\/de\/produkt\/kevin-wohnung-besitzen\/\">\n\t\t\t\t\t\t<span class=\"elementor-button-content-wrapper\">\n\t\t\t\t\t\t\t\t\t<span class=\"elementor-button-text\">KEVIN\u00ae kaufen<\/span>\n\t\t\t\t\t<\/span>\n\t\t\t\t\t<\/a>\n\t\t\t\t<\/div>\n\t\t\t\t\t\t\t\t<\/div>\n\t\t\t\t<\/div>\n\t\t\t\t<\/div>\n\t\t\t\t<div class=\"elementor-element elementor-element-e61f6ff elementor-widget elementor-widget-text-editor\" data-id=\"e61f6ff\" data-element_type=\"widget\" data-e-type=\"widget\" data-widget_type=\"text-editor.default\">\n\t\t\t\t<div class=\"elementor-widget-container\">\n\t\t\t\t\t\t\t\t\t<h4>Immer zu Hause.<br>Auch wenn Sie es nicht sind.<\/h4><h5>Perfekt f\u00fcr: Stadtbewohner, Rentner, Vielreisende.<\/h5><h6>Immer in Bewegung? KEVIN\u00ae sch\u00fctzt<br>Ihre Wohnung oder Ihr Studio,<br>indem er Ihre Anwesenheit<br>simuliert, wenn Sie unterwegs sind. <\/h6>\t\t\t\t\t\t\t\t<\/div>\n\t\t\t\t<\/div>\n\t\t\t\t\t<\/div>\n\t\t\t\t<\/div>\n\t\t\t\t\t\t\t\t<\/div>\n\t\t\t\t\t\t\t\t\t\t\t<div class=\"swiper-slide\" data-slide=\"2\" role=\"group\" aria-roledescription=\"slide\" aria-label=\"2 von 3\">\n\t\t\t\t\t\t\t<div class=\"elementor-element elementor-element-363b69b e-transform e-transform e-flex e-con-boxed e-con e-child\" data-id=\"363b69b\" data-element_type=\"container\" data-e-type=\"container\" data-settings=\"{&quot;_transform_scale_effect&quot;:{&quot;unit&quot;:&quot;px&quot;,&quot;size&quot;:0.98,&quot;sizes&quot;:[]},&quot;_transform_scale_effect_hover&quot;:{&quot;unit&quot;:&quot;px&quot;,&quot;size&quot;:0.99,&quot;sizes&quot;:[]},&quot;_transform_scale_effect_tablet&quot;:{&quot;unit&quot;:&quot;px&quot;,&quot;size&quot;:&quot;&quot;,&quot;sizes&quot;:[]},&quot;_transform_scale_effect_mobile&quot;:{&quot;unit&quot;:&quot;px&quot;,&quot;size&quot;:&quot;&quot;,&quot;sizes&quot;:[]},&quot;_transform_scale_effect_hover_tablet&quot;:{&quot;unit&quot;:&quot;px&quot;,&quot;size&quot;:&quot;&quot;,&quot;sizes&quot;:[]},&quot;_transform_scale_effect_hover_mobile&quot;:{&quot;unit&quot;:&quot;px&quot;,&quot;size&quot;:&quot;&quot;,&quot;sizes&quot;:[]}}\">\n\t\t\t\t\t<div class=\"e-con-inner\">\n\t\t<div class=\"elementor-element elementor-element-8da5424 e-grid e-con-full e-transform e-con e-child\" data-id=\"8da5424\" data-element_type=\"container\" data-e-type=\"container\" data-settings=\"{&quot;background_background&quot;:&quot;classic&quot;,&quot;_transform_scale_effect&quot;:{&quot;unit&quot;:&quot;px&quot;,&quot;size&quot;:&quot;&quot;,&quot;sizes&quot;:[]},&quot;_transform_scale_effect_tablet&quot;:{&quot;unit&quot;:&quot;px&quot;,&quot;size&quot;:&quot;&quot;,&quot;sizes&quot;:[]},&quot;_transform_scale_effect_mobile&quot;:{&quot;unit&quot;:&quot;px&quot;,&quot;size&quot;:&quot;&quot;,&quot;sizes&quot;:[]}}\">\n\t\t\t\t<div class=\"elementor-element elementor-element-4d2a839 elementor-widget elementor-widget-text-editor\" data-id=\"4d2a839\" data-element_type=\"widget\" data-e-type=\"widget\" data-widget_type=\"text-editor.default\">\n\t\t\t\t<div class=\"elementor-widget-container\">\n\t\t\t\t\t\t\t\t\t<h2>HAUS<\/h2>\n<h3>2 Ger\u00e4te mit Sicherheitssystem &amp; App<\/h3>\t\t\t\t\t\t\t\t<\/div>\n\t\t\t\t<\/div>\n\t\t\t\t<div class=\"elementor-element elementor-element-7ff4eb6 elementor-align-center elementor-widget elementor-widget-button\" data-id=\"7ff4eb6\" data-element_type=\"widget\" data-e-type=\"widget\" data-widget_type=\"button.default\">\n\t\t\t\t<div class=\"elementor-widget-container\">\n\t\t\t\t\t\t\t\t\t<div class=\"elementor-button-wrapper\">\n\t\t\t\t\t<a class=\"elementor-button elementor-button-link elementor-size-sm\" href=\"https:\/\/kevinswiss.com\/de\/produkt\/kevin-haus-besitzen\/\">\n\t\t\t\t\t\t<span class=\"elementor-button-content-wrapper\">\n\t\t\t\t\t\t\t\t\t<span class=\"elementor-button-text\">KEVIN\u00ae kaufen<\/span>\n\t\t\t\t\t<\/span>\n\t\t\t\t\t<\/a>\n\t\t\t\t<\/div>\n\t\t\t\t\t\t\t\t<\/div>\n\t\t\t\t<\/div>\n\t\t\t\t<\/div>\n\t\t\t\t<div class=\"elementor-element elementor-element-4a2729a elementor-widget elementor-widget-text-editor\" data-id=\"4a2729a\" data-element_type=\"widget\" data-e-type=\"widget\" data-widget_type=\"text-editor.default\">\n\t\t\t\t<div class=\"elementor-widget-container\">\n\t\t\t\t\t\t\t\t\t<h4>Doppelte Ger\u00e4te, <br>Doppelte Abschreckung.<\/h4>\n<h5>Perfekt f\u00fcr: Hausbesitzer, Familien, \nund Ferienh\u00e4user.<\/h5>\n<h6>Zwei Kevin\u00ae-Ger\u00e4te sorgen f\u00fcr intelligente, \nsynchronisierte Simulationen &#8211; ideal \nf\u00fcr Einfamilienh\u00e4user oder Wohnh\u00e4user mit mehreren R\u00e4umen,\ndie eine umfassende Anwesenheitssimulation und\nAbschreckung ben\u00f6tigen.<\/h6>\t\t\t\t\t\t\t\t<\/div>\n\t\t\t\t<\/div>\n\t\t\t\t\t<\/div>\n\t\t\t\t<\/div>\n\t\t\t\t\t\t\t\t<\/div>\n\t\t\t\t\t\t\t\t\t\t\t<div class=\"swiper-slide\" data-slide=\"3\" role=\"group\" aria-roledescription=\"slide\" aria-label=\"3 von 3\">\n\t\t\t\t\t\t\t<div class=\"elementor-element elementor-element-7d00e9e e-transform e-transform e-flex e-con-boxed e-con e-child\" data-id=\"7d00e9e\" data-element_type=\"container\" data-e-type=\"container\" data-settings=\"{&quot;_transform_scale_effect&quot;:{&quot;unit&quot;:&quot;px&quot;,&quot;size&quot;:0.98,&quot;sizes&quot;:[]},&quot;_transform_scale_effect_hover&quot;:{&quot;unit&quot;:&quot;px&quot;,&quot;size&quot;:0.99,&quot;sizes&quot;:[]},&quot;_transform_scale_effect_tablet&quot;:{&quot;unit&quot;:&quot;px&quot;,&quot;size&quot;:&quot;&quot;,&quot;sizes&quot;:[]},&quot;_transform_scale_effect_mobile&quot;:{&quot;unit&quot;:&quot;px&quot;,&quot;size&quot;:&quot;&quot;,&quot;sizes&quot;:[]},&quot;_transform_scale_effect_hover_tablet&quot;:{&quot;unit&quot;:&quot;px&quot;,&quot;size&quot;:&quot;&quot;,&quot;sizes&quot;:[]},&quot;_transform_scale_effect_hover_mobile&quot;:{&quot;unit&quot;:&quot;px&quot;,&quot;size&quot;:&quot;&quot;,&quot;sizes&quot;:[]}}\">\n\t\t\t\t\t<div class=\"e-con-inner\">\n\t\t<div class=\"elementor-element elementor-element-187f86a e-grid e-con-full e-transform e-con e-child\" data-id=\"187f86a\" data-element_type=\"container\" data-e-type=\"container\" data-settings=\"{&quot;background_background&quot;:&quot;classic&quot;,&quot;_transform_scale_effect&quot;:{&quot;unit&quot;:&quot;px&quot;,&quot;size&quot;:&quot;&quot;,&quot;sizes&quot;:[]},&quot;_transform_scale_effect_tablet&quot;:{&quot;unit&quot;:&quot;px&quot;,&quot;size&quot;:&quot;&quot;,&quot;sizes&quot;:[]},&quot;_transform_scale_effect_mobile&quot;:{&quot;unit&quot;:&quot;px&quot;,&quot;size&quot;:&quot;&quot;,&quot;sizes&quot;:[]}}\">\n\t\t\t\t<div class=\"elementor-element elementor-element-3c3c744 elementor-widget elementor-widget-text-editor\" data-id=\"3c3c744\" data-element_type=\"widget\" data-e-type=\"widget\" data-widget_type=\"text-editor.default\">\n\t\t\t\t<div class=\"elementor-widget-container\">\n\t\t\t\t\t\t\t\t\t<h2>BUSINESS<\/h2>\n<h3>3 Ger\u00e4te mit Sicherheitssystem &amp; App<\/h3>\t\t\t\t\t\t\t\t<\/div>\n\t\t\t\t<\/div>\n\t\t\t\t<div class=\"elementor-element elementor-element-bfc2bb6 elementor-align-center elementor-widget elementor-widget-button\" data-id=\"bfc2bb6\" data-element_type=\"widget\" data-e-type=\"widget\" data-widget_type=\"button.default\">\n\t\t\t\t<div class=\"elementor-widget-container\">\n\t\t\t\t\t\t\t\t\t<div class=\"elementor-button-wrapper\">\n\t\t\t\t\t<a class=\"elementor-button elementor-button-link elementor-size-sm\" href=\"https:\/\/kevinswiss.com\/de\/produkt\/kevin-business-besitzen\/\">\n\t\t\t\t\t\t<span class=\"elementor-button-content-wrapper\">\n\t\t\t\t\t\t\t\t\t<span class=\"elementor-button-text\">KEVIN\u00ae kaufen<\/span>\n\t\t\t\t\t<\/span>\n\t\t\t\t\t<\/a>\n\t\t\t\t<\/div>\n\t\t\t\t\t\t\t\t<\/div>\n\t\t\t\t<\/div>\n\t\t\t\t<\/div>\n\t\t\t\t<div class=\"elementor-element elementor-element-6198ef6 elementor-widget elementor-widget-text-editor\" data-id=\"6198ef6\" data-element_type=\"widget\" data-e-type=\"widget\" data-widget_type=\"text-editor.default\">\n\t\t\t\t<div class=\"elementor-widget-container\">\n\t\t\t\t\t\t\t\t\t<h4>Gesicherte Arbeitsbereiche,\nRaum f\u00fcr Raum.<\/h4>\n<h5>Perfekt f\u00fcr: Ladenbesitzer,\nFreiberufler, B\u00fcros, Warenlager.<\/h5>\n<h6>Erhalten Sie rund um die Uhr visuelle und akustische \nPr\u00e4senz mit drei KEVIN\u00ae Ger\u00e4ten &#8211; \ndiskreter und dennoch leistungsstarker Schutz \nf\u00fcr kundenorientierte R\u00e4ume, \nkleine bis mittlere Unternehmen, \nund Ladenbesitzer.  <\/h6>\t\t\t\t\t\t\t\t<\/div>\n\t\t\t\t<\/div>\n\t\t\t\t\t<\/div>\n\t\t\t\t<\/div>\n\t\t\t\t\t\t\t\t<\/div>\n\t\t\t\t\t\t\t\t<\/div>\n\t\t<\/div>\n\t\t\t\t\t<div class=\"swiper-pagination\"><\/div>\n\t\t\t\t\t\t<\/div>\n\t\t\t\t<\/div>\n\t\t\t\t\t<\/div>\n\t\t\t\t<\/div>\n\t\t\t\t\t<\/div>\n\t\t\t\t<\/div>\n\t\t<div class=\"elementor-element elementor-element-22c04ab e-flex e-con-boxed e-con e-parent\" data-id=\"22c04ab\" data-element_type=\"container\" data-e-type=\"container\">\n\t\t\t\t\t<div class=\"e-con-inner\">\n\t\t<div class=\"elementor-element elementor-element-06340e1 e-con-full e-flex e-con e-child\" data-id=\"06340e1\" data-element_type=\"container\" data-e-type=\"container\">\n\t\t<div class=\"elementor-element elementor-element-e53ee58 e-con-full e-flex e-con e-child\" data-id=\"e53ee58\" data-element_type=\"container\" data-e-type=\"container\" data-settings=\"{&quot;background_background&quot;:&quot;classic&quot;}\">\n\t\t\t\t<div class=\"elementor-element elementor-element-831e48c rentabout elementor-widget-mobile__width-inherit elementor-widget elementor-widget-text-editor\" data-id=\"831e48c\" data-element_type=\"widget\" data-e-type=\"widget\" data-widget_type=\"text-editor.default\">\n\t\t\t\t<div class=\"elementor-widget-container\">\n\t\t\t\t\t\t\t\t\t<h2>ENTERPRISE<\/h2><h3>4+ Ger\u00e4te mit<br>Sicherheitssystem<br>&amp; App<\/h3>\t\t\t\t\t\t\t\t<\/div>\n\t\t\t\t<\/div>\n\t\t\t\t<\/div>\n\t\t<div class=\"elementor-element elementor-element-6ae86a1 e-con-full e-flex e-con e-child\" data-id=\"6ae86a1\" data-element_type=\"container\" data-e-type=\"container\">\n\t\t\t\t<div class=\"elementor-element elementor-element-1196f3f elementor-widget elementor-widget-text-editor\" data-id=\"1196f3f\" data-element_type=\"widget\" data-e-type=\"widget\" data-widget_type=\"text-editor.default\">\n\t\t\t\t<div class=\"elementor-widget-container\">\n\t\t\t\t\t\t\t\t\t<h2>Massgeschneiderte Sicherheit f\u00fcr gr\u00f6ssere Bed\u00fcrfnisse.<\/h2><h4>Perfekt f\u00fcr: Grosse Immobilien, Unternehmensstandorte, Immobilienverwalter<\/h4><h5>KEVIN\u00ae.Enterprise wurde f\u00fcr Business-Umgebungen entwickelt &#8211; von Firmengel\u00e4nden bis hin zu Regierungseinrichtungen. Sch\u00fctzen Sie Dutzende von Standorten oder Hunderte von R\u00e4umen mit einer L\u00f6sung, die sich m\u00fchelos skalieren l\u00e4sst und gleichzeitig die Kosten unter Kontrolle h\u00e4lt. Massgeschneidert f\u00fcr alle, die Sicherheit ohne Kompromisse brauchen.  <\/h5>\t\t\t\t\t\t\t\t<\/div>\n\t\t\t\t<\/div>\n\t\t\t\t<div class=\"elementor-element elementor-element-f0813f1 elementor-align-center elementor-widget elementor-widget-button\" data-id=\"f0813f1\" data-element_type=\"widget\" data-e-type=\"widget\" data-widget_type=\"button.default\">\n\t\t\t\t<div class=\"elementor-widget-container\">\n\t\t\t\t\t\t\t\t\t<div class=\"elementor-button-wrapper\">\n\t\t\t\t\t<a class=\"elementor-button elementor-button-link elementor-size-sm\" href=\"https:\/\/kevinswiss.com\/de\/kontakt\/\">\n\t\t\t\t\t\t<span class=\"elementor-button-content-wrapper\">\n\t\t\t\t\t\t\t\t\t<span class=\"elementor-button-text\">Kontaktieren Sie uns<\/span>\n\t\t\t\t\t<\/span>\n\t\t\t\t\t<\/a>\n\t\t\t\t<\/div>\n\t\t\t\t\t\t\t\t<\/div>\n\t\t\t\t<\/div>\n\t\t\t\t<\/div>\n\t\t\t\t<\/div>\n\t\t\t\t\t<\/div>\n\t\t\t\t<\/div>\n\t\t<div class=\"elementor-element elementor-element-f04af12 e-flex e-con-boxed e-con e-parent\" data-id=\"f04af12\" data-element_type=\"container\" data-e-type=\"container\">\n\t\t\t\t\t<div class=\"e-con-inner\">\n\t\t<div class=\"elementor-element elementor-element-38698f9 e-con-full e-flex e-con e-child\" data-id=\"38698f9\" data-element_type=\"container\" data-e-type=\"container\">\n\t\t\t\t<div class=\"elementor-element elementor-element-cb5ef60 elementor-widget elementor-widget-text-editor\" data-id=\"cb5ef60\" data-element_type=\"widget\" data-e-type=\"widget\" data-widget_type=\"text-editor.default\">\n\t\t\t\t<div class=\"elementor-widget-container\">\n\t\t\t\t\t\t\t\t\t<h2>Ben\u00f6tigen Sie eine individuelle L\u00f6sung?<\/h2><h4>Entwickeln wir sie &#8211; gemeinsam.<\/h4><h5>Dieser Plan beinhaltet eine pers\u00f6nliche Konsultation und Unterst\u00fctzung durch unser Sicherheitsteam.<br>Profitieren Sie von unseren Sonderkonditionen f\u00fcr Grosskunden<\/h5>\t\t\t\t\t\t\t\t<\/div>\n\t\t\t\t<\/div>\n\t\t\t\t<\/div>\n\t\t<div class=\"elementor-element elementor-element-e7cc482 e-flex e-con-boxed e-con e-child\" data-id=\"e7cc482\" data-element_type=\"container\" data-e-type=\"container\">\n\t\t\t\t\t<div class=\"e-con-inner\">\n\t\t\t\t<div class=\"elementor-element elementor-element-2d2b520 elementor-widget elementor-widget-button\" data-id=\"2d2b520\" data-element_type=\"widget\" data-e-type=\"widget\" data-widget_type=\"button.default\">\n\t\t\t\t<div class=\"elementor-widget-container\">\n\t\t\t\t\t\t\t\t\t<div class=\"elementor-button-wrapper\">\n\t\t\t\t\t<a class=\"elementor-button elementor-button-link elementor-size-sm\" href=\"https:\/\/kevinswiss.com\/de\/kontakt\/\">\n\t\t\t\t\t\t<span class=\"elementor-button-content-wrapper\">\n\t\t\t\t\t\t\t\t\t<span class=\"elementor-button-text\">Sprechen Sie mit uns<\/span>\n\t\t\t\t\t<\/span>\n\t\t\t\t\t<\/a>\n\t\t\t\t<\/div>\n\t\t\t\t\t\t\t\t<\/div>\n\t\t\t\t<\/div>\n\t\t\t\t\t<\/div>\n\t\t\t\t<\/div>\n\t\t\t\t\t<\/div>\n\t\t\t\t<\/div>\n\t\t\t\t<\/div>\n\t\t","protected":false},"excerpt":{"rendered":"<p>KEVIN\u00ae besitzen Kaufen Sie KEVIN\u00ae &amp; f\u00fchlen Sie sich sicher. F\u00fcr immer. Jetzt k\u00f6nnen Sie KEVIN\u00ae besitzen und sich sicher f\u00fchlen. F\u00fcr immer. Kaufen Sie einmal und profitieren Sie von regelm\u00e4ssigen Gratis-Updates, mit 3 Jahren Garantie und lebenslanger Mitgliedschaft. W\u00e4hlen Sie Ihr perfektes KEVIN\u00ae-Setup. Egal, ob Sie eine Wohnung, ein Haus oder ein komplettes Gesch\u00e4ftslokal [&hellip;]<\/p>\n","protected":false},"author":2,"featured_media":30088,"parent":0,"menu_order":0,"comment_status":"closed","ping_status":"closed","template":"","meta":{"footnotes":""},"class_list":["post-28215","page","type-page","status-publish","has-post-thumbnail","hentry"],"_links":{"self":[{"href":"https:\/\/kevinswiss.com\/de\/wp-json\/wp\/v2\/pages\/28215","targetHints":{"allow":["GET"]}}],"collection":[{"href":"https:\/\/kevinswiss.com\/de\/wp-json\/wp\/v2\/pages"}],"about":[{"href":"https:\/\/kevinswiss.com\/de\/wp-json\/wp\/v2\/types\/page"}],"author":[{"embeddable":true,"href":"https:\/\/kevinswiss.com\/de\/wp-json\/wp\/v2\/users\/2"}],"replies":[{"embeddable":true,"href":"https:\/\/kevinswiss.com\/de\/wp-json\/wp\/v2\/comments?post=28215"}],"version-history":[{"count":12,"href":"https:\/\/kevinswiss.com\/de\/wp-json\/wp\/v2\/pages\/28215\/revisions"}],"predecessor-version":[{"id":30299,"href":"https:\/\/kevinswiss.com\/de\/wp-json\/wp\/v2\/pages\/28215\/revisions\/30299"}],"wp:featuredmedia":[{"embeddable":true,"href":"https:\/\/kevinswiss.com\/de\/wp-json\/wp\/v2\/media\/30088"}],"wp:attachment":[{"href":"https:\/\/kevinswiss.com\/de\/wp-json\/wp\/v2\/media?parent=28215"}],"curies":[{"name":"wp","href":"https:\/\/api.w.org\/{rel}","templated":true}]}}