{"id":11998,"date":"2024-07-14T09:35:40","date_gmt":"2024-07-14T08:35:40","guid":{"rendered":"https:\/\/shop-eur.mitipi.com\/shop\/kevin-3-subscription\/"},"modified":"2026-02-05T23:06:52","modified_gmt":"2026-02-05T22:06:52","slug":"kevin-wohnung","status":"publish","type":"product","link":"https:\/\/kevinswiss.com\/de\/produkt\/kevin-wohnung\/","title":{"rendered":"KEVIN\u00ae Wohnung"},"content":{"rendered":"<ul>\n<li><strong>Ein KEVIN\u00ae.3 ist kostenlos in Ihrem Abonnement enthalten.<\/strong> Halten Sie Einbrecher fern, indem Sie Ihre Anwesenheit simulieren, auch wenn Sie nicht zu Hause sind.<\/li>\n<li>Erhalten Sie immer die aktuellsten Updates und neue Funktionen auf der Mitipi-Kevin Sicherheits-App.<\/li>\n<li>Profitieren Sie von Ihrem pers\u00f6nlichen Service-Ansprechpartner bei Mitipi f\u00fcr Ihre Bed\u00fcrfnisse.<\/li>\n<li><strong>Jetzt nur noch 19,99 EUR \/ Monat<\/strong> bei einer 24-Monats-Bindung (statt 29,99 EUR \/ Monat), zzgl. MwSt.<\/li>\n<li><strong>Lebenslange Garantie.<\/strong><\/li>\n<li>Sie haben das Recht, das Abonnement jederzeit zu k\u00fcndigen:<br \/>\nGeb\u00fchren f\u00fcr vorzeitige Beendigung pro Jahr: Jahr 1: EUR 350. Jahr 2: 175 EUR (exkl. MwSt.).<\/li>\n<\/ul>\n<p>&nbsp;<\/p>\n<div style=\"width: 1280px;\" class=\"wp-video\"><video class=\"wp-video-shortcode\" id=\"video-11998-1\" width=\"1280\" height=\"720\" preload=\"metadata\" controls=\"controls\"><source type=\"video\/mp4\" src=\"https:\/\/shop.mitipi.com\/wp-content\/uploads\/2024\/01\/KEVIN-Swiss-The-worlds-easiest-and-most-effective-burglary-prevention-device1.mp4?_=1\" \/><a href=\"https:\/\/shop.mitipi.com\/wp-content\/uploads\/2024\/01\/KEVIN-Swiss-The-worlds-easiest-and-most-effective-burglary-prevention-device1.mp4\" rel=\"nofollow noopener\" target=\"_blank\">https:\/\/shop.mitipi.com\/wp-content\/uploads\/2024\/01\/KEVIN-Swiss-The-worlds-easiest-and-most-effective-burglary-prevention-device1.mp4<\/a><\/video><\/div>\n<p>&nbsp;<\/p>\n<p>&nbsp;<\/p>\n<h4>Ihr Zuhause &#8211; nie allein. Entdecken Sie die dritte Generation von Mitbewohnern gegen Einbrecher, die die Anwesenheit von Menschen simulieren. Dank neuester Technologie und KI halten wir Ihre Privatsph\u00e4re und Sicherheit auf h\u00f6chstem Niveau.<\/h4>\n<p>&nbsp;<\/p>\n<h5><strong>Neu: Profitieren Sie von den neuen Personalisierungsfunktionen<\/strong><\/h5>\n<ul>\n<li>Mit KEVIN\u00ae.3 k\u00f6nnen Sie Ihre Farbe w\u00e4hlen und die Lautsprecherabdeckung im Handumdrehen \u00e4ndern<\/li>\n<li>Reichhaltige Farbpalette: Ozean-Blau, Wald-Braun, Vulkan-Rot, Schnee-Weiss<\/li>\n<li>Hochwertiges Design und Materialien<\/li>\n<li>Mehr Speicherplatz: Die zuf\u00e4llige Anwesenheitssimulation variiert und h\u00e4lt mehr als 4 Wochen an!<\/li>\n<\/ul>\n<hr \/>\n<h4><\/h4>\n<h5><strong> Neu: Profitieren Sie von 4x mehr Speicherplatz f\u00fcr Ihre personalisierten Simulationen<\/strong><\/h5>\n<ul>\n<li>Sie k\u00f6nnen jetzt ganze Filme oder lange Abende \u00fcber die Mitipi-KEVIN-App aufzeichnen und \u00fcber KEVIN\u00ae.3 wiedergeben (im Vergleich zu nur kurzen Sequenzen mit dem fr\u00fcheren Modell KEVIN\u00ae.2).<\/li>\n<li>Insgesamt sind mehr als 4 Wochen Simulationen ohne Wiederholungen m\u00f6glich (im Vergleich zu nur 1 Woche mit dem Vorg\u00e4ngermodell KEVIN\u00ae.2).<\/li>\n<\/ul>\n<hr \/>\n<h4><\/h4>\n<h5><strong> Verbessert: Ihr virtueller Mitbewohner gegen Einbrecher mit bewegten Schatten und mehr<\/strong><\/h5>\n<ul>\n<li>Simuliert Ihre Pr\u00e4senz, wenn Sie nicht zu Hause sind, und schreckt Einbrecher ab<\/li>\n<li>Realistische Lichteffekte und Ger\u00e4usche wie Alltagsger\u00e4usche, Gespr\u00e4che, Fernsehen oder Staubsaugen<\/li>\n<li>PATENTIERTE WELTNEUHEIT: Bewegte Personensilhouetten mit Schatteneffekten, die Ihre Pr\u00e4senz simulieren<\/li>\n<li>Personalisieren Sie Ihren KEVIN\u00ae mit der Mitipi-Kevin-App. Erstellen Sie Ihr Profil<\/li>\n<li>Nehmen Sie Ihre eigenen Ger\u00e4usche mit der Mitipi-Kevin-App auf und entscheiden Sie, wann KEVIN\u00ae sie simulieren soll<\/li>\n<li>Steuern Sie KEVIN\u00ae per Smartphone oder komplett offline direkt am Ger\u00e4t.<\/li>\n<\/ul>\n<hr \/>\n<h4><\/h4>\n<h5><strong> Verbessert: Ihr Lautsprecher und Ihre Lampe, wenn Sie zu Hause sind<\/strong><\/h5>\n<ul>\n<li>Verwenden Sie KEVIN\u00ae als Bluetooth-Lautsprecher und lassen Sie ihn Ihre Playlist oder Ihr Radio abspielen<\/li>\n<li>KEVIN\u00ae kann auch als Umgebungslicht verwendet werden<\/li>\n<li>Und es ist ein tolles DESIGN-St\u00fcck, das ein Blickfang f\u00fcr jeden ist, der Sie besucht.<\/li>\n<\/ul>\n<p>&nbsp;<\/p>\n<div style=\"width: 3840px;\" class=\"wp-video\"><video class=\"wp-video-shortcode\" id=\"video-11998-2\" width=\"3840\" height=\"2160\" preload=\"metadata\" controls=\"controls\"><source type=\"video\/mp4\" src=\"https:\/\/shop-usa.mitipi.com\/wp-content\/uploads\/2023\/11\/KEVIN-360-LOOP-V2.mp4?_=2\" \/><a href=\"https:\/\/shop-usa.mitipi.com\/wp-content\/uploads\/2023\/11\/KEVIN-360-LOOP-V2.mp4\" rel=\"nofollow noopener\" target=\"_blank\">https:\/\/shop-usa.mitipi.com\/wp-content\/uploads\/2023\/11\/KEVIN-360-LOOP-V2.mp4<\/a><\/video><\/div>\n<p>&nbsp;<\/p>\n<p>&nbsp;<\/p>\n<hr \/>\n<h4><\/h4>\n<h4><strong>Was beinhaltet die KEVIN\u00ae.3 Wohnungs-Sicherheits-Formel?<\/strong><\/h4>\n<ul>\n<li>1 Ger\u00e4t, in der Schweiz entwickelt<\/li>\n<li>70 Stunden voraufgezeichnete Simulation<\/li>\n<li>Frontabdeckung, die innerhalb einer Sekunde ausgetauscht werden kann (w\u00e4hlen Sie aus den separat angebotenen Frontabdeckungen)<\/li>\n<li>Bluetooth-Lautsprecher<\/li>\n<li>Lebenslange Produktgarantie (so lange das Abo l\u00e4uft, mind. 2 Jahre)<\/li>\n<li>Automatisches Geo-Fencing \u00fcber die Mitipi KEVIN\u00ae-App<\/li>\n<li>Planungstool f\u00fcr Urlaube, Ferienh\u00e4user, Lagerh\u00e4user, etc.<\/li>\n<li>Personalisierung der Simulation mit einem einfachen Tool- Hochladen Ihrer Kl\u00e4nge und Ger\u00e4usche<\/li>\n<li>Aufzeichnung Ihrer Kl\u00e4nge und Ger\u00e4usche und Planung von Lichteffekten, Raumeffekten, Zeiteffekten<\/li>\n<li>Zuk\u00fcnftige Software-Updates- Pers\u00f6nliche Unterst\u00fctzung- Online-Sicherheitsberatung mit Tipps<\/li>\n<li>Sofort pers\u00f6nliche Serviceunterst\u00fctzung \u00fcber get@mitipi.com oder support@mitipi.com.<\/li>\n<\/ul>\n<p>&nbsp;<\/p>\n<h4><strong>Technische Informationen<\/strong><\/h4>\n<ul>\n<li>Kann auch als Bluetooth-Lautsprecher und -Lampe verwendet werden<\/li>\n<li>Intelligente Energiesparfunktion dank Umgebungslichtsensor<\/li>\n<li>Schnittstellen: WLAN 2,4 GHz, Bluetooth (4.2 und BLE)<\/li>\n<\/ul>\n<p>&nbsp;<\/p>\n<p>&nbsp;<\/p>\n<p>&nbsp;<\/p>\n<p>&nbsp;<\/p>\n","protected":false},"excerpt":{"rendered":"<ul class=\"ul1\">\n<li class=\"li1\"><span class=\"s1\"><b>KEVIN\u00ae \u2013 Mieten<br \/>\n<\/b><\/span><\/li>\n<li class=\"li1\"><span class=\"s1\">KEVIN\u00ae simuliert Anwesenheit mit\u00a0<b>Licht-, Schatten- und Soundeffekten<\/b>, um Einbr\u00fcche bereits im Vorfeld zu verhindern.<\/span><span class=\"s1\"><br \/>\n<\/span><\/li>\n<li class=\"li1\"><span class=\"s1\">Im Mietmodell ist\u00a0<b>KEVIN\u00ae inklusive Mitgliedschaft<\/b>\u00a0enthalten \u2013 mit Zugriff auf die\u00a0<b>Mitipi- Kevin App<\/b>,\u00a0<b>regelm\u00e4ssige Updates<\/b>, neue Funktionen und\u00a0<b>pers\u00f6nlichen Support<\/b>.<\/span><span class=\"s1\"><br \/>\n<\/span><\/li>\n<li class=\"li1\"><span class=\"s1\"><b>Mindestlaufzeit:<\/b>\u00a012 Monate<\/span><span class=\"s1\"><b><br \/>\n<\/b><b><\/b><\/span><\/li>\n<li class=\"li1\"><span class=\"s1\"><b>K\u00fcndigung:<\/b>\u00a0jederzeit m\u00f6glich<\/span><span class=\"s1\"><br \/>\n<\/span><\/li>\n<li class=\"li1\"><span class=\"s1\"><b>Einrichtungsgeb\u00fchr<\/b>: 99 CHF<\/span><\/li>\n<li class=\"li1\"><span class=\"s1\"><b>Lebenslange Garantie<\/b>\u00a0inklusive <\/span><span class=\"s2\"><i>(sofern ein g\u00fcltiges Abo l\u00e4uft)<\/i><\/span><\/li>\n<\/ul>\n<div class=\"short_desc_gallery\"><img decoding=\"async\" class=\"alignnone\" src=\"https:\/\/kevinswiss.com\/wp-content\/uploads\/elementor\/thumbs\/epo-r7xa6qjzvud5we4mxinsger2f0c3wth6bez7hcxu8y.png\" width=\"90\" height=\"45\" \/>\u00a0 \u00a0 \u00a0 <img decoding=\"async\" class=\"alignnone\" src=\"https:\/\/kevinswiss.com\/wp-content\/uploads\/elementor\/thumbs\/uspto-r7xa6x4tztub091ms9bguw2xx7o90tyre0g9pupu8s.png\" width=\"45\" height=\"45\" \/>\u00a0 \u00a0 \u00a0 <img decoding=\"async\" class=\"alignnone\" src=\"https:\/\/kevinswiss.com\/wp-content\/uploads\/elementor\/thumbs\/plus_x_award-r1g31uck7ecpecey1u610eluta3wj0vi5hicbir85c.webp\" width=\"71\" height=\"45\" \/><\/div>\n","protected":false},"featured_media":30086,"comment_status":"open","ping_status":"closed","template":"","meta":[],"product_brand":[],"product_cat":[422],"product_tag":[482,426,425,481,304,427,428],"class_list":{"0":"post-11998","1":"product","2":"type-product","3":"status-publish","4":"has-post-thumbnail","6":"product_cat-mieten","7":"product_tag-anwesenheitssimulator","8":"product_tag-einbruchschutz","9":"product_tag-einbruchspravention","10":"product_tag-haussicherheit","11":"product_tag-security-system","12":"product_tag-sicherheitssystem","13":"product_tag-smarthome-de","14":"ts_product_brand-kevin-de","16":"first","17":"instock","18":"sold-individually","19":"taxable","20":"shipping-taxable","21":"purchasable","22":"product-type-simple"},"_links":{"self":[{"href":"https:\/\/kevinswiss.com\/de\/wp-json\/wp\/v2\/product\/11998","targetHints":{"allow":["GET"]}}],"collection":[{"href":"https:\/\/kevinswiss.com\/de\/wp-json\/wp\/v2\/product"}],"about":[{"href":"https:\/\/kevinswiss.com\/de\/wp-json\/wp\/v2\/types\/product"}],"replies":[{"embeddable":true,"href":"https:\/\/kevinswiss.com\/de\/wp-json\/wp\/v2\/comments?post=11998"}],"version-history":[{"count":7,"href":"https:\/\/kevinswiss.com\/de\/wp-json\/wp\/v2\/product\/11998\/revisions"}],"predecessor-version":[{"id":30572,"href":"https:\/\/kevinswiss.com\/de\/wp-json\/wp\/v2\/product\/11998\/revisions\/30572"}],"wp:featuredmedia":[{"embeddable":true,"href":"https:\/\/kevinswiss.com\/de\/wp-json\/wp\/v2\/media\/30086"}],"wp:attachment":[{"href":"https:\/\/kevinswiss.com\/de\/wp-json\/wp\/v2\/media?parent=11998"}],"wp:term":[{"taxonomy":"product_brand","embeddable":true,"href":"https:\/\/kevinswiss.com\/de\/wp-json\/wp\/v2\/product_brand?post=11998"},{"taxonomy":"product_cat","embeddable":true,"href":"https:\/\/kevinswiss.com\/de\/wp-json\/wp\/v2\/product_cat?post=11998"},{"taxonomy":"product_tag","embeddable":true,"href":"https:\/\/kevinswiss.com\/de\/wp-json\/wp\/v2\/product_tag?post=11998"}],"curies":[{"name":"wp","href":"https:\/\/api.w.org\/{rel}","templated":true}]}}