{"id":26035,"date":"2024-11-04T20:33:06","date_gmt":"2024-11-04T19:33:06","guid":{"rendered":"https:\/\/kevinswiss.com\/product\/allein-zu-haus-dvd\/"},"modified":"2025-01-22T20:17:25","modified_gmt":"2025-01-22T19:17:25","slug":"allein-zu-haus-dvd","status":"publish","type":"product","link":"https:\/\/kevinswiss.com\/de\/produkt\/allein-zu-haus-dvd\/","title":{"rendered":"Allein zu Haus DVD"},"content":{"rendered":"<p>Der Klassiker &#8220;Home alone&#8221; inspirierte uns zu unserer Einbruchschutzl\u00f6sung <sup>KEVIN\u00ae<\/sup>. <strong>Erleben Sie diesen Klassiker noch einmal auf DVD! <\/strong><\/p>\n<p>&nbsp;<\/p>\n<p>Die Figur &#8216;Kevin&#8217; sch\u00fctzt sein Haus vor Einbrechern, indem er verschiedene Fallen und Tricks erfindet, um sie zu verscheuchen. Er hat verschiedene Licht- und Toneffekte erfunden, um die Anwesenheit seiner Familie zu simulieren, denn Einbrecher m\u00f6gen es nicht, wenn sie mit Hausbesitzern konfrontiert werden. <sup>KEVIN\u00ae<\/sup> agiert auf \u00e4hnliche Weise: Er projiziert ebenfalls Lichter und Soundeffekte, die vom Benutzer angepasst werden k\u00f6nnen, so dass eine realistische Pr\u00e4senz entsteht.<\/p>\n","protected":false},"excerpt":{"rendered":"<p>Der Klassiker &#8220;Home alone&#8221; inspirierte uns zu unserer Einbruchschutzl\u00f6sung KEVIN\u00ae. Erleben Sie diesen Klassiker noch einmal auf DVD! &nbsp; Die Figur &#8216;Kevin&#8217; sch\u00fctzt sein Haus vor Einbrechern, indem er verschiedene Fallen und Tricks erfindet, um sie zu verscheuchen. Er hat verschiedene Licht- und Toneffekte erfunden, um die Anwesenheit seiner Familie zu simulieren, denn Einbrecher m\u00f6gen [&hellip;]<\/p>\n","protected":false},"featured_media":23065,"comment_status":"closed","ping_status":"closed","template":"","meta":[],"product_brand":[],"product_cat":[250],"product_tag":[],"class_list":{"0":"post-26035","1":"product","2":"type-product","3":"status-publish","4":"has-post-thumbnail","6":"product_cat-andere","7":"product_shipping_class-kevin-kaufen","8":"ts_product_brand-kevin-de","10":"first","11":"instock","12":"taxable","13":"shipping-taxable","14":"purchasable","15":"product-type-simple"},"_links":{"self":[{"href":"https:\/\/kevinswiss.com\/de\/wp-json\/wp\/v2\/product\/26035","targetHints":{"allow":["GET"]}}],"collection":[{"href":"https:\/\/kevinswiss.com\/de\/wp-json\/wp\/v2\/product"}],"about":[{"href":"https:\/\/kevinswiss.com\/de\/wp-json\/wp\/v2\/types\/product"}],"replies":[{"embeddable":true,"href":"https:\/\/kevinswiss.com\/de\/wp-json\/wp\/v2\/comments?post=26035"}],"version-history":[{"count":2,"href":"https:\/\/kevinswiss.com\/de\/wp-json\/wp\/v2\/product\/26035\/revisions"}],"predecessor-version":[{"id":26433,"href":"https:\/\/kevinswiss.com\/de\/wp-json\/wp\/v2\/product\/26035\/revisions\/26433"}],"wp:featuredmedia":[{"embeddable":true,"href":"https:\/\/kevinswiss.com\/de\/wp-json\/wp\/v2\/media\/23065"}],"wp:attachment":[{"href":"https:\/\/kevinswiss.com\/de\/wp-json\/wp\/v2\/media?parent=26035"}],"wp:term":[{"taxonomy":"product_brand","embeddable":true,"href":"https:\/\/kevinswiss.com\/de\/wp-json\/wp\/v2\/product_brand?post=26035"},{"taxonomy":"product_cat","embeddable":true,"href":"https:\/\/kevinswiss.com\/de\/wp-json\/wp\/v2\/product_cat?post=26035"},{"taxonomy":"product_tag","embeddable":true,"href":"https:\/\/kevinswiss.com\/de\/wp-json\/wp\/v2\/product_tag?post=26035"}],"curies":[{"name":"wp","href":"https:\/\/api.w.org\/{rel}","templated":true}]}}