{"id":26076,"date":"2025-01-21T13:27:09","date_gmt":"2025-01-21T12:27:09","guid":{"rendered":"https:\/\/kevinswiss.com\/traduction\/"},"modified":"2025-01-21T13:34:06","modified_gmt":"2025-01-21T12:34:06","slug":"traduction","status":"publish","type":"page","link":"https:\/\/kevinswiss.com\/fr\/traduction\/","title":{"rendered":"Traduction"},"content":{"rendered":"\t\t<div data-elementor-type=\"wp-page\" data-elementor-id=\"26076\" class=\"elementor elementor-26076 elementor-26063\" data-elementor-post-type=\"page\">\n\t\t\t\t<div class=\"elementor-element elementor-element-4b12f5e9 e-flex e-con-boxed e-con e-parent\" data-id=\"4b12f5e9\" data-element_type=\"container\" data-e-type=\"container\">\n\t\t\t\t\t<div class=\"e-con-inner\">\n\t\t\t\t<div class=\"elementor-element elementor-element-5fc34ef3 elementor-widget elementor-widget-text-editor\" data-id=\"5fc34ef3\" data-element_type=\"widget\" data-e-type=\"widget\" data-widget_type=\"text-editor.default\">\n\t\t\t\t<div class=\"elementor-widget-container\">\n\t\t\t\t\t\t\t\t\t<p>Sp\u00e9cifications<\/p>\n<p>Ajouter \u00e0 la liste de souhaits<\/p>\n<p>Ajouter \u00e0 la comparaison<\/p>\n<p>Votre maison ne sera jamais seule. Offres sp\u00e9ciales et livraison gratuite maintenant.<\/p>\n<p>Liste de souhaits<\/p>\n<p>VOUS PERMET DE RESTER EN S\u00c9CURIT\u00c9.<\/p>\n<p>dans le panier<\/p>\n<p>Recherche de produits<\/p>\n<p>Mon compte<\/p>\n<p>Marques<\/p>\n<p>Livraison gratuite pour toutes les commandes<\/p>\n<p>Offres sp\u00e9ciales et livraison gratuite maintenant.<\/p>\n<p>Un service client expert<\/p>\n<p>Copyright Mitipi AG. Tous droits r\u00e9serv\u00e9s <\/p>\n<p>Politique de confidentialit\u00e9<\/p>\n<p>Conditions d&#8217;utilisation<\/p>\n<p>S\u00e9lectionnez votre pays :<\/p>\n<p>S&#8217;abonner \u00e0 la s\u00e9curit\u00e9 :<\/p>\n<p>Pr\u00e9nom<\/p>\n<p>S\u00e9lectionnez un pays<\/p>\n<p>Votre adresse \u00e9lectronique<\/p>\n<p>Le syst\u00e8me de pr\u00e9vention des cambriolages le plus efficace au monde, qui simule la pr\u00e9sence de personnes. KEVIN\u00ae a prouv\u00e9 qu&#8217;il r\u00e9duisait la probabilit\u00e9 de cambriolage de plus de 97 %. <\/p>\n<p>Boutique<\/p>\n<p>Informations<\/p>\n<p>Mon compte<\/p>\n<p>Chariot<\/p>\n<p>Mon compte<\/p>\n<p>Mes commandes<\/p>\n<p>Liste de souhaits<\/p>\n<p>Suivre la commande<\/p>\n<p>Aide<\/p>\n<p>Politique de confidentialit\u00e9<\/p>\n<p>Conditions d&#8217;utilisation<\/p>\n<p>Contactez nous<\/p>\n<p>Non class\u00e9<\/p>\n<p>SIMULER LA PR\u00c9SENCE AVEC DES OMBRES MOBILES<\/p>\n<p>SIMULER LA PR\u00c9SENCE AVEC DES VOIX PERSONNALIS\u00c9ES<\/p>\n<p>CONTR\u00d4LE DEPUIS N&#8217;IMPORTE O\u00d9 VIA L&#8217;APPLICATION<\/p>\n<p>VOIR DES CAMBRIOLEURS<\/p>\n<p>ENCEINTE BLUETOOTH<\/p>\n<p>Poss\u00e9dez votre appareil et votre application<\/p>\n<p>Mises \u00e0 jour gratuites<\/p>\n<p>Garantie de 3 ans<\/p>\n<p>Un seul paiement<\/p>\n<p>Obtenez KEVIN\u00ae MAINTENANT<\/p>\n<p>KEVIN\u00ae.apartment<\/p>\n<p>1 appareil et 1 application gratuits<\/p>\n<p>Comprend un haut-parleur et une lampe AI<\/p>\n<p>Garantie \u00e0 vie<\/p>\n<p>Le meilleur pour les appartements<\/p>\n<p>Abonnez-vous ici<\/p>\n<p>KEVIN\u00ae.house<\/p>\n<p>2 appareils gratuits et une application<\/p>\n<p>Comprend un haut-parleur et une lampe AI<\/p>\n<p>Garantie \u00e0 vie<\/p>\n<p>Id\u00e9al pour les maisons \u00e0 deux \u00e9tages<\/p>\n<p>Abonnez-vous ici<\/p>\n<p>KEVIN\u00ae.business<\/p>\n<p>3 appareil et application gratuits<\/p>\n<p>Comprend un haut-parleur et une lampe AI<\/p>\n<p>Garantie \u00e0 vie<\/p>\n<p>Id\u00e9al pour les bureaux, les magasins et les maisons \u00e0 plusieurs \u00e9tages<\/p>\n<p>Abonnez-vous ici<\/p>\n<p>Commentaires<\/p>\n<p>R\u00e9diger un commentaire<\/p>\n<p>Marques<\/p>\n<p>Disponibilit\u00e9<\/p>\n<p>Mois<\/p>\n<p>S&#8217;abonner<\/p>\n<p>Boutique<\/p>\n<p>Afficher uniquement les produits en vente<\/p>\n<p>Trier par<\/p>\n<p>Afficher<\/p>\n<p>Afficher les filtres<\/p>\n<p>Masquer les filtres<\/p>\n<p>Cat\u00e9gories<\/p>\n<p>Prix<\/p>\n<p>Tous<\/p>\n<p>Appartement<\/p>\n<p>Maison<\/p>\n<p>Entreprises<\/p>\n<p>Tranquillit\u00e9 d&#8217;esprit<\/p>\n<p>Accessoires<\/p>\n\t\t\t\t\t\t\t\t<\/div>\n\t\t\t\t<\/div>\n\t\t\t\t\t<\/div>\n\t\t\t\t<\/div>\n\t\t\t\t<\/div>\n\t\t","protected":false},"excerpt":{"rendered":"<p>Sp\u00e9cifications Ajouter \u00e0 la liste de souhaits Ajouter \u00e0 la comparaison Votre maison ne sera jamais seule. Offres sp\u00e9ciales et livraison gratuite maintenant. Liste de souhaits VOUS PERMET DE RESTER EN S\u00c9CURIT\u00c9. dans le panier Recherche de produits Mon compte Marques Livraison gratuite pour toutes les commandes Offres sp\u00e9ciales et livraison gratuite maintenant. Un service [&hellip;]<\/p>\n","protected":false},"author":2,"featured_media":0,"parent":0,"menu_order":0,"comment_status":"closed","ping_status":"closed","template":"","meta":{"footnotes":""},"class_list":["post-26076","page","type-page","status-publish","hentry"],"_links":{"self":[{"href":"https:\/\/kevinswiss.com\/fr\/wp-json\/wp\/v2\/pages\/26076","targetHints":{"allow":["GET"]}}],"collection":[{"href":"https:\/\/kevinswiss.com\/fr\/wp-json\/wp\/v2\/pages"}],"about":[{"href":"https:\/\/kevinswiss.com\/fr\/wp-json\/wp\/v2\/types\/page"}],"author":[{"embeddable":true,"href":"https:\/\/kevinswiss.com\/fr\/wp-json\/wp\/v2\/users\/2"}],"replies":[{"embeddable":true,"href":"https:\/\/kevinswiss.com\/fr\/wp-json\/wp\/v2\/comments?post=26076"}],"version-history":[{"count":1,"href":"https:\/\/kevinswiss.com\/fr\/wp-json\/wp\/v2\/pages\/26076\/revisions"}],"predecessor-version":[{"id":26077,"href":"https:\/\/kevinswiss.com\/fr\/wp-json\/wp\/v2\/pages\/26076\/revisions\/26077"}],"wp:attachment":[{"href":"https:\/\/kevinswiss.com\/fr\/wp-json\/wp\/v2\/media?parent=26076"}],"curies":[{"name":"wp","href":"https:\/\/api.w.org\/{rel}","templated":true}]}}