{"id":26036,"date":"2024-11-04T20:33:06","date_gmt":"2024-11-04T19:33:06","guid":{"rendered":"https:\/\/kevinswiss.com\/product\/home-alone-dvd\/"},"modified":"2025-01-22T19:36:47","modified_gmt":"2025-01-22T18:36:47","slug":"maman-jai-rate-lavion-dvd","status":"publish","type":"product","link":"https:\/\/kevinswiss.com\/fr\/produit\/maman-jai-rate-lavion-dvd\/","title":{"rendered":"Maman j\u2019ai rat\u00e9 l\u2019avion DVD"},"content":{"rendered":"<p>Le classique &#8220;Home alone&#8221; nous a inspir\u00e9 pour cr\u00e9er notre solution de pr\u00e9vention des effractions <sup>KEVIN\u00ae<\/sup>. <strong>Revivez ce classique en DVD ! <\/strong> <\/p>\n<p>&nbsp;<\/p>\n<p>Le personnage &#8220;Kevin&#8221; prot\u00e8ge sa maison contre les cambrioleurs en inventant plusieurs pi\u00e8ges et astuces pour les effrayer. Il a cr\u00e9\u00e9 diff\u00e9rents effets lumineux et sonores pour simuler la pr\u00e9sence de sa famille, car les cambrioleurs n&#8217;aiment pas \u00eatre confront\u00e9s aux propri\u00e9taires. <sup>KEVIN\u00ae<\/sup> agit de la m\u00eame mani\u00e8re : Il projette \u00e9galement des lumi\u00e8res et des effets sonores personnalisables par l&#8217;utilisateur afin de cr\u00e9er une pr\u00e9sence r\u00e9aliste.  <\/p>\n","protected":false},"excerpt":{"rendered":"<p>Le classique &#8220;Home alone&#8221; nous a inspir\u00e9 pour cr\u00e9er notre solution de pr\u00e9vention des effractions KEVIN\u00ae. Revivez ce classique en DVD ! &nbsp; Le personnage &#8220;Kevin&#8221; prot\u00e8ge sa maison contre les cambrioleurs en inventant plusieurs pi\u00e8ges et astuces pour les effrayer. Il a cr\u00e9\u00e9 diff\u00e9rents effets lumineux et sonores pour simuler la pr\u00e9sence de sa [&hellip;]<\/p>\n","protected":false},"featured_media":23064,"comment_status":"closed","ping_status":"closed","template":"","meta":[],"product_brand":[],"product_cat":[249],"product_tag":[],"class_list":{"0":"post-26036","1":"product","2":"type-product","3":"status-publish","4":"has-post-thumbnail","6":"product_cat-autres","7":"product_shipping_class-acheter-kevin","8":"ts_product_brand-kevin-fr","10":"first","11":"instock","12":"taxable","13":"shipping-taxable","14":"purchasable","15":"product-type-simple"},"_links":{"self":[{"href":"https:\/\/kevinswiss.com\/fr\/wp-json\/wp\/v2\/product\/26036","targetHints":{"allow":["GET"]}}],"collection":[{"href":"https:\/\/kevinswiss.com\/fr\/wp-json\/wp\/v2\/product"}],"about":[{"href":"https:\/\/kevinswiss.com\/fr\/wp-json\/wp\/v2\/types\/product"}],"replies":[{"embeddable":true,"href":"https:\/\/kevinswiss.com\/fr\/wp-json\/wp\/v2\/comments?post=26036"}],"version-history":[{"count":1,"href":"https:\/\/kevinswiss.com\/fr\/wp-json\/wp\/v2\/product\/26036\/revisions"}],"predecessor-version":[{"id":26390,"href":"https:\/\/kevinswiss.com\/fr\/wp-json\/wp\/v2\/product\/26036\/revisions\/26390"}],"wp:featuredmedia":[{"embeddable":true,"href":"https:\/\/kevinswiss.com\/fr\/wp-json\/wp\/v2\/media\/23064"}],"wp:attachment":[{"href":"https:\/\/kevinswiss.com\/fr\/wp-json\/wp\/v2\/media?parent=26036"}],"wp:term":[{"taxonomy":"product_brand","embeddable":true,"href":"https:\/\/kevinswiss.com\/fr\/wp-json\/wp\/v2\/product_brand?post=26036"},{"taxonomy":"product_cat","embeddable":true,"href":"https:\/\/kevinswiss.com\/fr\/wp-json\/wp\/v2\/product_cat?post=26036"},{"taxonomy":"product_tag","embeddable":true,"href":"https:\/\/kevinswiss.com\/fr\/wp-json\/wp\/v2\/product_tag?post=26036"}],"curies":[{"name":"wp","href":"https:\/\/api.w.org\/{rel}","templated":true}]}}