{"id":26055,"date":"2023-07-12T14:25:30","date_gmt":"2023-07-12T13:25:30","guid":{"rendered":"https:\/\/kevinswiss.com\/product\/kevin-alimentation\/"},"modified":"2025-11-11T16:04:57","modified_gmt":"2025-11-11T15:04:57","slug":"kevin-chargeur","status":"publish","type":"product","link":"https:\/\/kevinswiss.com\/fr\/produit\/kevin-chargeur\/","title":{"rendered":"Chargeur KEVIN"},"content":{"rendered":"<h4>Alimentation pour notre produit KEVIN\u00ae.<\/h4>\n<p>Prix : 27 EUR Dans le colis, vous recevrez :<br \/>\n&#8211; Un chargeur<br \/>\n&#8211; Diff\u00e9rents adaptateurs en fonction du pays d&#8217;utilisation (USA, UK, Europe) Tension d&#8217;entr\u00e9e : 100-240 V &#8211; Intensit\u00e9 \u00e9lectrique : 1 A<br \/>\nTension de sortie : 12.0 V &#8211; Intensit\u00e9 \u00e9lectrique : 3 A<\/p>\n","protected":false},"excerpt":{"rendered":"<p>Alimentation pour notre produit KEVIN\u00ae. Prix : 27 EUR Dans le colis, vous recevrez : &#8211; Un chargeur &#8211; Diff\u00e9rents adaptateurs en fonction du pays d&#8217;utilisation (USA, UK, Europe) Tension d&#8217;entr\u00e9e : 100-240 V &#8211; Intensit\u00e9 \u00e9lectrique : 1 A Tension de sortie : 12.0 V &#8211; Intensit\u00e9 \u00e9lectrique : 3 A<\/p>\n","protected":false},"featured_media":25772,"comment_status":"closed","ping_status":"closed","template":"","meta":[],"product_brand":[],"product_cat":[370],"product_tag":[509,510,508],"class_list":{"0":"post-26055","1":"product","2":"type-product","3":"status-publish","4":"has-post-thumbnail","6":"product_cat-accessoire","7":"product_tag-adaptateur-electrique","8":"product_tag-alimentation-electrique","9":"product_tag-bouchons","10":"ts_product_brand-kevin-fr","12":"first","13":"instock","14":"taxable","15":"shipping-taxable","16":"purchasable","17":"product-type-simple"},"_links":{"self":[{"href":"https:\/\/kevinswiss.com\/fr\/wp-json\/wp\/v2\/product\/26055","targetHints":{"allow":["GET"]}}],"collection":[{"href":"https:\/\/kevinswiss.com\/fr\/wp-json\/wp\/v2\/product"}],"about":[{"href":"https:\/\/kevinswiss.com\/fr\/wp-json\/wp\/v2\/types\/product"}],"replies":[{"embeddable":true,"href":"https:\/\/kevinswiss.com\/fr\/wp-json\/wp\/v2\/comments?post=26055"}],"version-history":[{"count":3,"href":"https:\/\/kevinswiss.com\/fr\/wp-json\/wp\/v2\/product\/26055\/revisions"}],"predecessor-version":[{"id":26905,"href":"https:\/\/kevinswiss.com\/fr\/wp-json\/wp\/v2\/product\/26055\/revisions\/26905"}],"wp:featuredmedia":[{"embeddable":true,"href":"https:\/\/kevinswiss.com\/fr\/wp-json\/wp\/v2\/media\/25772"}],"wp:attachment":[{"href":"https:\/\/kevinswiss.com\/fr\/wp-json\/wp\/v2\/media?parent=26055"}],"wp:term":[{"taxonomy":"product_brand","embeddable":true,"href":"https:\/\/kevinswiss.com\/fr\/wp-json\/wp\/v2\/product_brand?post=26055"},{"taxonomy":"product_cat","embeddable":true,"href":"https:\/\/kevinswiss.com\/fr\/wp-json\/wp\/v2\/product_cat?post=26055"},{"taxonomy":"product_tag","embeddable":true,"href":"https:\/\/kevinswiss.com\/fr\/wp-json\/wp\/v2\/product_tag?post=26055"}],"curies":[{"name":"wp","href":"https:\/\/api.w.org\/{rel}","templated":true}]}}