{"id":27418,"date":"2025-02-13T13:37:59","date_gmt":"2025-02-13T12:37:59","guid":{"rendered":"https:\/\/kevinswiss.com\/product\/kevin-appareils-menagers\/"},"modified":"2026-02-05T22:11:38","modified_gmt":"2026-02-05T21:11:38","slug":"kevin-maison-possedez","status":"publish","type":"product","link":"https:\/\/kevinswiss.com\/fr\/produit\/kevin-maison-possedez\/","title":{"rendered":"KEVIN\u00ae Maison"},"content":{"rendered":"<p>La troisi\u00e8me et derni\u00e8re g\u00e9n\u00e9ration de votre colocataire contre les cambrioleurs.<\/p>\n<p><iframe title=\"KEVIN by Mitipi. Making the world a safer place.\" width=\"500\" height=\"281\" src=\"https:\/\/www.youtube.com\/embed\/hv9ddwaQi8s?feature=oembed\" frameborder=\"0\" allow=\"accelerometer; autoplay; clipboard-write; encrypted-media; gyroscope; picture-in-picture; web-share\" referrerpolicy=\"strict-origin-when-cross-origin\" allowfullscreen><\/iframe><\/p>\n<h4><strong>Les avantages de KEVIN\u00ae :<\/strong><\/h4>\n<h4><strong>1. B\u00e9n\u00e9ficiez des nouvelles fonctions de personnalisation<\/strong><\/h4>\n<ul>\n<li>Avec KEVIN.3, vous pouvez choisir votre couleur et changer le couvercle de l&#8217;enceinte en une seconde.<\/li>\n<li>Riche palette de couleurs : Bleu oc\u00e9an, brun for\u00eat, rouge vulcain, blanc neige<\/li>\n<li>Conception et mat\u00e9riaux de haute qualit\u00e9<\/li>\n<li>Plus de m\u00e9moire : la simulation de pr\u00e9sence al\u00e9atoire varie et dure plus de 4 semaines, au lieu d&#8217;une seule.<\/li>\n<\/ul>\n<hr \/>\n<h4><strong>2. Votre colocataire virtuel contre les cambrioleurs<\/strong><\/h4>\n<ul>\n<li>Simule votre pr\u00e9sence lorsque vous n&#8217;\u00eates pas chez vous, dissuadant ainsi les cambrioleurs.<\/li>\n<li>Effets de lumi\u00e8re r\u00e9alistes et sons tels que les bruits de la vie quotidienne, les discussions, la t\u00e9l\u00e9vision ou l&#8217;aspirateur.<\/li>\n<li>Silhouettes mobiles de personnes avec des effets d&#8217;ombre qui simulent la pr\u00e9sence de personnes<\/li>\n<li>Personnalisez votre KEVIN avec l&#8217;application Mitipi-Kevin. Cr\u00e9ez votre profil<\/li>\n<li>Enregistrez vos propres sons avec l&#8217;application Mitipi-Kevin et d\u00e9cidez quand KEVIN doit les simuler.<\/li>\n<li>Contr\u00f4lez KEVIN via votre smartphone ou hors ligne directement sur l&#8217;appareil.<\/li>\n<\/ul>\n<hr \/>\n<h4><strong>3. Votre haut-parleur et votre lampe lorsque vous \u00eates \u00e0 la maison<\/strong><\/h4>\n<ul>\n<li>Utilisez KEVIN comme enceinte Bluetooth et laissez-le diffuser votre liste de lecture ou votre radio.<\/li>\n<li>KEVIN peut \u00e9galement \u00eatre utilis\u00e9 comme lumi\u00e8re d&#8217;ambiance.<\/li>\n<\/ul>\n<hr \/>\n<h4>Qu&#8217;est-ce que <em><strong>KEVIN\u00ae Dispositif d&#8217;appartement<\/strong><\/em> comprend-il ?<\/h4>\n<ul>\n<li><span class=\"JsGRdQ\">2 dispositifs<\/span><\/li>\n<li><span class=\"JsGRdQ\">70 heures de simulation pr\u00e9enregistr\u00e9e<\/span><\/li>\n<li><span class=\"JsGRdQ\">Couverture avant \u00e0 \u00e9changer<\/span><\/li>\n<li><span class=\"JsGRdQ\">Haut-parleur Bluetooth<\/span><\/li>\n<li><span class=\"JsGRdQ\">Garantie du produit<\/span><\/li>\n<\/ul>\n<ul>\n<li><span class=\"JsGRdQ\">G\u00e9o-cl\u00f4ture automatique<\/span><\/li>\n<li><span class=\"JsGRdQ\">Outil de planification de l&#8217;ordonnancement<\/span><\/li>\n<li><span class=\"JsGRdQ\">Personnaliser la simulation<\/span><\/li>\n<li><span class=\"JsGRdQ\">T\u00e9l\u00e9chargement de vos propres sons et bruits<\/span><\/li>\n<li><span class=\"JsGRdQ\">Futures mises \u00e0 jour du logiciel<\/span><\/li>\n<\/ul>\n<ul>\n<li><span class=\"JsGRdQ\">Soutien personnel<\/span><\/li>\n<li><span class=\"JsGRdQ\">Conseils sur la s\u00e9curit\u00e9 en ligne<\/span><\/li>\n<li><span class=\"JsGRdQ\">Service d&#8217;assistance personnalis\u00e9 via get@mitipi.com<\/span><\/li>\n<\/ul>\n","protected":false},"excerpt":{"rendered":"<ul class=\"ul1\">\n<li class=\"li1\">\n<p class=\"p1\"><span class=\"s1\"><b>KEVIN\u00ae \u2013 Acheter<\/b><\/span><\/p>\n<\/li>\n<li class=\"li1\"><span class=\"s1\">KEVIN\u00ae simule une pr\u00e9sence r\u00e9aliste gr\u00e2ce \u00e0 des\u00a0<b>effets de lumi\u00e8re, d\u2019ombre et de son<\/b>, afin de dissuader les cambrioleurs en amont.<\/span><span class=\"s1\"><br \/>\n<\/span><\/li>\n<li class=\"li1\"><span class=\"s1\">L\u2019appareil peut \u00eatre configur\u00e9 individuellement via l\u2019<b>application Mitipi-Kevin<\/b>\u00a0et re\u00e7oit\u00a0<b>des mises \u00e0 jour r\u00e9guli\u00e8res<\/b>\u00a0ainsi que de nouvelles fonctionnalit\u00e9s.<\/span><span class=\"s1\"><br \/>\n<\/span><\/li>\n<li class=\"li1\"><span class=\"s1\">KEVIN\u00ae fonctionne\u00a0<b>sans cam\u00e9ra, microphone ni cloud<\/b>\u00a0\u2013\u00a0<b>toutes les donn\u00e9es restent locales sur l\u2019appareil<\/b>.<\/span><span class=\"s1\"><b><br \/>\n<\/b><b><\/b><\/span><\/li>\n<li class=\"li1\"><span class=\"s1\">Son design compact et haut de gamme int\u00e8gre\u00a0<b>haut-parleurs, LED et capteurs<\/b>\u00a0et peut \u00e9galement \u00eatre utilis\u00e9 pour\u00a0<b>\u00e9couter de la musique ou la radio<\/b>.<\/span><span class=\"s1\"><br \/>\n<\/span><\/li>\n<li class=\"li1\"><span class=\"s1\">Garantie de <b>3 ans<\/b><b><\/b><\/span><\/li>\n<li class=\"li1\"><span class=\"s1\">Adh\u00e9sion gratuite incluse (voir ci-dessous).<\/span><\/li>\n<\/ul>\n<div class=\"short_desc_gallery\"><img decoding=\"async\" class=\"alignnone\" src=\"https:\/\/kevinswiss.com\/wp-content\/uploads\/elementor\/thumbs\/epo-r7xa6qjzvud5we4mxinsger2f0c3wth6bez7hcxu8y.png\" width=\"90\" height=\"45\" \/>\u00a0 \u00a0 \u00a0 <img decoding=\"async\" class=\"alignnone\" src=\"https:\/\/kevinswiss.com\/wp-content\/uploads\/elementor\/thumbs\/uspto-r7xa6x4tztub091ms9bguw2xx7o90tyre0g9pupu8s.png\" width=\"45\" height=\"45\" \/>\u00a0 \u00a0 \u00a0 <img decoding=\"async\" class=\"alignnone\" src=\"https:\/\/kevinswiss.com\/wp-content\/uploads\/elementor\/thumbs\/plus_x_award-r1g31uck7ecpecey1u610eluta3wj0vi5hicbir85c.webp\" width=\"71\" height=\"45\" \/><\/div>\n","protected":false},"featured_media":30107,"comment_status":"open","ping_status":"closed","template":"","meta":[],"product_brand":[],"product_cat":[393],"product_tag":[],"class_list":{"0":"post-27418","1":"product","2":"type-product","3":"status-publish","4":"has-post-thumbnail","6":"product_cat-possedez","7":"ts_product_brand-kevin-fr","9":"first","10":"instock","11":"taxable","12":"shipping-taxable","13":"purchasable","14":"product-type-simple"},"_links":{"self":[{"href":"https:\/\/kevinswiss.com\/fr\/wp-json\/wp\/v2\/product\/27418","targetHints":{"allow":["GET"]}}],"collection":[{"href":"https:\/\/kevinswiss.com\/fr\/wp-json\/wp\/v2\/product"}],"about":[{"href":"https:\/\/kevinswiss.com\/fr\/wp-json\/wp\/v2\/types\/product"}],"replies":[{"embeddable":true,"href":"https:\/\/kevinswiss.com\/fr\/wp-json\/wp\/v2\/comments?post=27418"}],"version-history":[{"count":4,"href":"https:\/\/kevinswiss.com\/fr\/wp-json\/wp\/v2\/product\/27418\/revisions"}],"predecessor-version":[{"id":30548,"href":"https:\/\/kevinswiss.com\/fr\/wp-json\/wp\/v2\/product\/27418\/revisions\/30548"}],"wp:featuredmedia":[{"embeddable":true,"href":"https:\/\/kevinswiss.com\/fr\/wp-json\/wp\/v2\/media\/30107"}],"wp:attachment":[{"href":"https:\/\/kevinswiss.com\/fr\/wp-json\/wp\/v2\/media?parent=27418"}],"wp:term":[{"taxonomy":"product_brand","embeddable":true,"href":"https:\/\/kevinswiss.com\/fr\/wp-json\/wp\/v2\/product_brand?post=27418"},{"taxonomy":"product_cat","embeddable":true,"href":"https:\/\/kevinswiss.com\/fr\/wp-json\/wp\/v2\/product_cat?post=27418"},{"taxonomy":"product_tag","embeddable":true,"href":"https:\/\/kevinswiss.com\/fr\/wp-json\/wp\/v2\/product_tag?post=27418"}],"curies":[{"name":"wp","href":"https:\/\/api.w.org\/{rel}","templated":true}]}}